{"id":27,"date":"2016-06-21T22:38:18","date_gmt":"2016-06-21T21:38:18","guid":{"rendered":"https:\/\/the7.io\/construction\/?page_id=27"},"modified":"2021-02-24T22:41:00","modified_gmt":"2021-02-24T19:41:00","slug":"hizmetlerimiz","status":"publish","type":"page","link":"http:\/\/www.aymayapi.com\/index.php\/hizmetlerimiz\/","title":{"rendered":"Hizmetlerimiz"},"content":{"rendered":"<p>[vc_row gap=&#8221;30&#8243; equal_height=&#8221;yes&#8221; type=&#8221;vc_default&#8221; css=&#8221;.vc_custom_1495105796691{padding-top: 70px !important;padding-right: 25px !important;padding-bottom: 70px !important;padding-left: 25px !important;}&#8221;][vc_column width=&#8221;1\/2&#8243; css=&#8221;.vc_custom_1578745201435{padding-top: 0px !important;padding-right: 0px !important;padding-bottom: 0px !important;padding-left: 0px !important;background-color: rgba(0,0,0,0.04) !important;*background-color: rgb(0,0,0) !important;}&#8221;]<style type=\"text\/css\" data-type=\"the7_shortcodes-inline-css\">.shortcode-single-image-wrap.shortcode-single-image-63c764feeae5800cb00094572c13f99d.enable-bg-rollover .rollover i,\n.shortcode-single-image-wrap.shortcode-single-image-63c764feeae5800cb00094572c13f99d.enable-bg-rollover .rollover-video i {\n  background: -webkit-linear-gradient();\n  background: linear-gradient();\n}\n.shortcode-single-image-wrap.shortcode-single-image-63c764feeae5800cb00094572c13f99d .rollover-icon {\n  font-size: 32px;\n  color: #ffffff;\n  min-width: 44px;\n  min-height: 44px;\n  line-height: 44px;\n  border-radius: 100px;\n  border-style: solid;\n  border-width: 0px;\n}\n.dt-icon-bg-on.shortcode-single-image-wrap.shortcode-single-image-63c764feeae5800cb00094572c13f99d .rollover-icon {\n  background: rgba(255,255,255,0.3);\n  box-shadow: none;\n}\n<\/style><div class=\"shortcode-single-image-wrap shortcode-single-image-63c764feeae5800cb00094572c13f99d alignnone  enable-bg-rollover dt-icon-bg-off\" style=\"margin-top:0px; margin-bottom:0px; margin-left:0px; margin-right:0px; width:900px;\"><div class=\"shortcode-single-image\"><div class=\"fancy-media-wrap  layzr-bg\" style=\"\"><img loading=\"lazy\" decoding=\"async\" class=\"preload-me lazy-load\" src=\"data:image\/svg+xml,%3Csvg%20xmlns%3D&#39;http%3A%2F%2Fwww.w3.org%2F2000%2Fsvg&#39;%20viewBox%3D&#39;0%200%20900%20600&#39;%2F%3E\" data-src=\"http:\/\/www.aymayapi.com\/wp-content\/uploads\/2020\/01\/con008-900x600.jpg\" data-srcset=\"http:\/\/www.aymayapi.com\/wp-content\/uploads\/2020\/01\/con008-900x600.jpg 900w, http:\/\/www.aymayapi.com\/wp-content\/uploads\/2020\/01\/con008.jpg 1500w\" width=\"900\" height=\"600\"  data-dt-location=\"http:\/\/www.aymayapi.com\/con008\/\" style=\"\" alt=\"\" \/><\/div><\/div><\/div>[vc_row_inner css=&#8221;.vc_custom_1495105364136{padding-top: 30px !important;padding-right: 30px !important;padding-bottom: 40px !important;padding-left: 30px !important;}&#8221;][vc_column_inner][vc_column_text css=&#8221;.vc_custom_1612990417447{padding-bottom: 20px !important;}&#8221;]<\/p>\n<h2 class=\"mb0 modul-baslik\">M\u00fcteahhitlik Hizmetleri<\/h2>\n<p>M\u00fcteahhit, in\u015faat sekt\u00f6r\u00fcnde y\u00fcklenici ve arac\u0131 pozisyonundad\u0131r. \u0130n\u015faat\u0131n ba\u015flamas\u0131, in\u015faat yap\u0131m\u0131 ve in\u015faat\u0131n tamamlanmas\u0131 s\u00fcre\u00e7lerinde s\u00fcrekli aktif bir rol oynamaktad\u0131r. Hem denetleyici hem de kontrol mekanizmas\u0131n\u0131n ba\u015f\u0131ndad\u0131r.[\/vc_column_text][\/vc_column_inner][\/vc_row_inner][\/vc_column][vc_column width=&#8221;1\/2&#8243; css=&#8221;.vc_custom_1578745232578{padding-top: 0px !important;padding-right: 0px !important;padding-bottom: 0px !important;padding-left: 0px !important;background-color: rgba(0,0,0,0.04) !important;*background-color: rgb(0,0,0) !important;}&#8221;]<style type=\"text\/css\" data-type=\"the7_shortcodes-inline-css\">.shortcode-single-image-wrap.shortcode-single-image-90fee8e9674d9eaf69d39a8dacfb1435.enable-bg-rollover .rollover i,\n.shortcode-single-image-wrap.shortcode-single-image-90fee8e9674d9eaf69d39a8dacfb1435.enable-bg-rollover .rollover-video i {\n  background: -webkit-linear-gradient();\n  background: linear-gradient();\n}\n.shortcode-single-image-wrap.shortcode-single-image-90fee8e9674d9eaf69d39a8dacfb1435 .rollover-icon {\n  font-size: 32px;\n  color: #ffffff;\n  min-width: 44px;\n  min-height: 44px;\n  line-height: 44px;\n  border-radius: 100px;\n  border-style: solid;\n  border-width: 0px;\n}\n.dt-icon-bg-on.shortcode-single-image-wrap.shortcode-single-image-90fee8e9674d9eaf69d39a8dacfb1435 .rollover-icon {\n  background: rgba(255,255,255,0.3);\n  box-shadow: none;\n}\n<\/style><div class=\"shortcode-single-image-wrap shortcode-single-image-90fee8e9674d9eaf69d39a8dacfb1435 alignnone  enable-bg-rollover dt-icon-bg-off\" style=\"margin-top:0px; margin-bottom:0px; margin-left:0px; margin-right:0px; width:900px;\"><div class=\"shortcode-single-image\"><div class=\"fancy-media-wrap  layzr-bg\" style=\"\"><img loading=\"lazy\" decoding=\"async\" class=\"preload-me lazy-load\" src=\"data:image\/svg+xml,%3Csvg%20xmlns%3D&#39;http%3A%2F%2Fwww.w3.org%2F2000%2Fsvg&#39;%20viewBox%3D&#39;0%200%20669%20445&#39;%2F%3E\" data-src=\"http:\/\/www.aymayapi.com\/wp-content\/uploads\/2021\/02\/insaat-hizmetleri.jpg\" data-srcset=\"http:\/\/www.aymayapi.com\/wp-content\/uploads\/2021\/02\/insaat-hizmetleri.jpg 669w\" width=\"669\" height=\"445\"  data-dt-location=\"http:\/\/www.aymayapi.com\/index.php\/hizmetlerimiz\/insaat-hizmetleri\/\" style=\"\" alt=\"\" \/><\/div><\/div><\/div>[vc_row_inner css=&#8221;.vc_custom_1495105364136{padding-top: 30px !important;padding-right: 30px !important;padding-bottom: 40px !important;padding-left: 30px !important;}&#8221;][vc_column_inner][vc_column_text css=&#8221;.vc_custom_1614190551436{padding-bottom: 20px !important;}&#8221;]<\/p>\n<h3>\u0130n\u015faat Hizmetleri<\/h3>\n<p>Konut\/ticari in\u015faat\/gayrimenkul geli\u015ftirme alan\u0131nda engin tecr\u00fcbeye ve teknik birikime sahip olan Ayma Yap\u0131 \u0130n\u015faat entegre bir hizmet anlay\u0131\u015f\u0131 i\u00e7erisinde, insan ya\u015fam\u0131na duyarl\u0131 kaliteli ve yenilik\u00e7i konseptlerde geli\u015ftirdi\u011fi projelerle, i\u015f ortaklar\u0131 ile g\u00fc\u00e7l\u00fc i\u015fbirli\u011fi i\u00e7erisinde \u00e7al\u0131\u015farak anahtar teslim hizmet vermektedir.<\/p>\n<p>[\/vc_column_text][\/vc_column_inner][\/vc_row_inner][\/vc_column][vc_column width=&#8221;1\/2&#8243; css=&#8221;.vc_custom_1578745346381{padding-top: 0px !important;padding-right: 0px !important;padding-bottom: 0px !important;padding-left: 0px !important;background-color: rgba(0,0,0,0.04) !important;*background-color: rgb(0,0,0) !important;}&#8221;]<style type=\"text\/css\" data-type=\"the7_shortcodes-inline-css\">.shortcode-single-image-wrap.shortcode-single-image-6df8448bbd93db8a5ae95bb26a82bdd7.enable-bg-rollover .rollover i,\n.shortcode-single-image-wrap.shortcode-single-image-6df8448bbd93db8a5ae95bb26a82bdd7.enable-bg-rollover .rollover-video i {\n  background: -webkit-linear-gradient();\n  background: linear-gradient();\n}\n.shortcode-single-image-wrap.shortcode-single-image-6df8448bbd93db8a5ae95bb26a82bdd7 .rollover-icon {\n  font-size: 32px;\n  color: #ffffff;\n  min-width: 44px;\n  min-height: 44px;\n  line-height: 44px;\n  border-radius: 100px;\n  border-style: solid;\n  border-width: 0px;\n}\n.dt-icon-bg-on.shortcode-single-image-wrap.shortcode-single-image-6df8448bbd93db8a5ae95bb26a82bdd7 .rollover-icon {\n  background: rgba(255,255,255,0.3);\n  box-shadow: none;\n}\n<\/style><div class=\"shortcode-single-image-wrap shortcode-single-image-6df8448bbd93db8a5ae95bb26a82bdd7 alignnone  enable-bg-rollover dt-icon-bg-off\" style=\"margin-top:0px; margin-bottom:0px; margin-left:0px; margin-right:0px; width:900px;\"><div class=\"shortcode-single-image\"><div class=\"fancy-media-wrap  layzr-bg\" style=\"\"><img loading=\"lazy\" decoding=\"async\" class=\"preload-me lazy-load\" src=\"data:image\/svg+xml,%3Csvg%20xmlns%3D&#39;http%3A%2F%2Fwww.w3.org%2F2000%2Fsvg&#39;%20viewBox%3D&#39;0%200%20431%20288&#39;%2F%3E\" data-src=\"http:\/\/www.aymayapi.com\/wp-content\/uploads\/2021\/02\/kentsel-donusum-431x288.jpg\" data-srcset=\"http:\/\/www.aymayapi.com\/wp-content\/uploads\/2021\/02\/kentsel-donusum-431x288.jpg 431w\" width=\"431\" height=\"288\"  data-dt-location=\"http:\/\/www.aymayapi.com\/index.php\/hizmetlerimiz\/kentsel-donusum\/\" style=\"\" alt=\"\" \/><\/div><\/div><\/div>[vc_row_inner css=&#8221;.vc_custom_1495105364136{padding-top: 30px !important;padding-right: 30px !important;padding-bottom: 40px !important;padding-left: 30px !important;}&#8221;][vc_column_inner][vc_column_text css=&#8221;.vc_custom_1614191094684{padding-bottom: 20px !important;}&#8221;]<\/p>\n<h3>Kentsel D\u00f6n\u00fc\u015f\u00fcm<\/h3>\n<p>Ayma Yap\u0131 6306 say\u0131l\u0131 Kentsel D\u00f6n\u00fc\u015f\u00fcm Kanunu \u00e7er\u00e7evesinde, riskli yap\u0131lar\u0131n g\u00fcncel imar ve hukuk kurallar\u0131 i\u00e7erisinde yenilemek maksad\u0131yla, yap\u0131 sahiplerine daha ya\u015fan\u0131r ve g\u00fcvenli konutlar sunmak amac\u0131yla yola \u00e7\u0131km\u0131\u015f bir olu\u015fumdur. Yurti\u00e7i ve yurtd\u0131\u015f\u0131 deneyimlerini birle\u015ftirmek suretiyle daha nitelikli sonu\u00e7lara ula\u015fmak \u00fczere bir araya gelmi\u015f, siz m\u00fc\u015fterilerine daha iyi hizmet sunabilmek \u00fczere faaliyetlerine devam etmektedir[\/vc_column_text][\/vc_column_inner][\/vc_row_inner][\/vc_column][vc_column width=&#8221;1\/2&#8243; css=&#8221;.vc_custom_1578745352373{padding-top: 0px !important;padding-right: 0px !important;padding-bottom: 0px !important;padding-left: 0px !important;background-color: rgba(0,0,0,0.04) !important;*background-color: rgb(0,0,0) !important;}&#8221;]<style type=\"text\/css\" data-type=\"the7_shortcodes-inline-css\">.shortcode-single-image-wrap.shortcode-single-image-3b51ba79ba2b6d92c08f4941e0a2f47a.enable-bg-rollover .rollover i,\n.shortcode-single-image-wrap.shortcode-single-image-3b51ba79ba2b6d92c08f4941e0a2f47a.enable-bg-rollover .rollover-video i {\n  background: -webkit-linear-gradient();\n  background: linear-gradient();\n}\n.shortcode-single-image-wrap.shortcode-single-image-3b51ba79ba2b6d92c08f4941e0a2f47a .rollover-icon {\n  font-size: 32px;\n  color: #ffffff;\n  min-width: 50px;\n  min-height: 50px;\n  line-height: 50px;\n  border-radius: 100px;\n  border-style: solid;\n  border-width: 4px;\n  border-color: #ffffff;\n}\n.dt-icon-bg-on.shortcode-single-image-wrap.shortcode-single-image-3b51ba79ba2b6d92c08f4941e0a2f47a .rollover-icon {\n  background: rgba(255,255,255,0.3);\n  box-shadow: none;\n}\n<\/style><div class=\"shortcode-single-image-wrap shortcode-single-image-3b51ba79ba2b6d92c08f4941e0a2f47a alignnone  enable-bg-rollover dt-icon-bg-off\" style=\"margin-top:0px; margin-bottom:0px; margin-left:0px; margin-right:0px; width:900px;\"><div class=\"shortcode-single-image\"><div class=\"fancy-media-wrap\" style=\"\"><a href=\"\/construction\/services\/construction-service-page\/\" class=\" layzr-bg rollover\" style=\"\" aria-label=\"Image\"><img loading=\"lazy\" decoding=\"async\" class=\"preload-me lazy-load\" src=\"data:image\/svg+xml,%3Csvg%20xmlns%3D&#39;http%3A%2F%2Fwww.w3.org%2F2000%2Fsvg&#39;%20viewBox%3D&#39;0%200%20900%20600&#39;%2F%3E\" data-src=\"http:\/\/www.aymayapi.com\/wp-content\/uploads\/2020\/01\/con016-900x600.jpg\" data-srcset=\"http:\/\/www.aymayapi.com\/wp-content\/uploads\/2020\/01\/con016-900x600.jpg 900w, http:\/\/www.aymayapi.com\/wp-content\/uploads\/2020\/01\/con016.jpg 1500w\" width=\"900\" height=\"600\"  data-dt-location=\"http:\/\/www.aymayapi.com\/index.php\/hizmetlerimiz\/con016\/\" alt=\"\" \/><span class=\"rollover-icon icomoon-the7-font-the7-plus-02\"><\/span><\/a><\/div><\/div><\/div>[vc_row_inner css=&#8221;.vc_custom_1495105364136{padding-top: 30px !important;padding-right: 30px !important;padding-bottom: 40px !important;padding-left: 30px !important;}&#8221;][vc_column_inner][vc_column_text css=&#8221;.vc_custom_1614191523510{padding-bottom: 20px !important;}&#8221;]<\/p>\n<h3>Kendi Arsalar\u0131m\u0131z<\/h3>\n<p>\u0130stanbul&#8217;un muhtelif semtlerinde bulunan kendi arsalar\u0131m\u0131z\u0131 Deprem y\u00f6netmeli\u011fine ve yasalara uygun olarak in\u015faa ediyor ve sizlere huzurlu bir ya\u015fam alan\u0131 sunuyoruz. Detayl\u0131 bilgi i\u00e7in bize ileti\u015fim sayfam\u0131zdan ula\u015fabilirsiniz. .[\/vc_column_text][\/vc_column_inner][\/vc_row_inner][\/vc_column][\/vc_row]<\/p>\n","protected":false},"excerpt":{"rendered":"<p>[vc_row gap=&#8221;30&#8243; equal_height=&#8221;yes&#8221; type=&#8221;vc_default&#8221; css=&#8221;.vc_custom_1495105796691{padding-top: 70px !important;padding-right: 25px !important;padding-bottom: 70px !important;padding-left: 25px !important;}&#8221;][vc_column width=&#8221;1\/2&#8243; css=&#8221;.vc_custom_1578745201435{padding-top: 0px !important;padding-right: 0px !important;padding-bottom: 0px !important;padding-left: 0px !important;background-color: rgba(0,0,0,0.04) !important;*background-color: rgb(0,0,0) !important;}&#8221;][vc_row_inner css=&#8221;.vc_custom_1495105364136{padding-top: 30px !important;padding-right: 30px !important;padding-bottom: 40px !important;padding-left: 30px !important;}&#8221;][vc_column_inner][vc_column_text css=&#8221;.vc_custom_1612990417447{padding-bottom: 20px !important;}&#8221;] M\u00fcteahhitlik Hizmetleri M\u00fcteahhit, in\u015faat sekt\u00f6r\u00fcnde y\u00fcklenici ve arac\u0131 pozisyonundad\u0131r. \u0130n\u015faat\u0131n ba\u015flamas\u0131, in\u015faat yap\u0131m\u0131 ve in\u015faat\u0131n tamamlanmas\u0131&hellip;<\/p>\n","protected":false},"author":1,"featured_media":0,"parent":0,"menu_order":2,"comment_status":"closed","ping_status":"closed","template":"","meta":[],"class_list":["post-27","page","type-page","status-publish","hentry","description-off"],"_links":{"self":[{"href":"http:\/\/www.aymayapi.com\/index.php\/wp-json\/wp\/v2\/pages\/27","targetHints":{"allow":["GET"]}}],"collection":[{"href":"http:\/\/www.aymayapi.com\/index.php\/wp-json\/wp\/v2\/pages"}],"about":[{"href":"http:\/\/www.aymayapi.com\/index.php\/wp-json\/wp\/v2\/types\/page"}],"author":[{"embeddable":true,"href":"http:\/\/www.aymayapi.com\/index.php\/wp-json\/wp\/v2\/users\/1"}],"replies":[{"embeddable":true,"href":"http:\/\/www.aymayapi.com\/index.php\/wp-json\/wp\/v2\/comments?post=27"}],"version-history":[{"count":4,"href":"http:\/\/www.aymayapi.com\/index.php\/wp-json\/wp\/v2\/pages\/27\/revisions"}],"predecessor-version":[{"id":1313,"href":"http:\/\/www.aymayapi.com\/index.php\/wp-json\/wp\/v2\/pages\/27\/revisions\/1313"}],"wp:attachment":[{"href":"http:\/\/www.aymayapi.com\/index.php\/wp-json\/wp\/v2\/media?parent=27"}],"curies":[{"name":"wp","href":"https:\/\/api.w.org\/{rel}","templated":true}]}}